{"id":331,"date":"2020-05-07T15:35:56","date_gmt":"2020-05-07T13:35:56","guid":{"rendered":"https:\/\/www.mr-beelzebuth.com\/contact\/"},"modified":"2020-06-26T13:09:52","modified_gmt":"2020-06-26T11:09:52","slug":"contact","status":"publish","type":"page","link":"https:\/\/www.mr-beelzebuth.com\/es\/contact\/","title":{"rendered":"Contacta la tripulaci\u00f3n de MR Beelzebuth"},"content":{"rendered":"\n<p><strong><strong>\u00bfTe tienta esta experiencia \u00fanica a bordo de un velero excepcional?<\/strong><\/strong><br>No dude en contactarnos para cualquier informaci\u00f3n, nos pondremos en contacto con usted lo antes posible.<\/p>\n\n\n\n\n<div class=\"wpcf7 no-js\" id=\"wpcf7-f348-o1\" lang=\"es-ES\" dir=\"ltr\" data-wpcf7-id=\"348\">\n<div class=\"screen-reader-response\"><p role=\"status\" aria-live=\"polite\" aria-atomic=\"true\"><\/p> <ul><\/ul><\/div>\n<form action=\"\/es\/wp-json\/wp\/v2\/pages\/331#wpcf7-f348-o1\" method=\"post\" class=\"wpcf7-form init\" aria-label=\"Formulario de contacto\" novalidate=\"novalidate\" data-status=\"init\">\n<fieldset class=\"hidden-fields-container\"><input type=\"hidden\" name=\"_wpcf7\" value=\"348\" \/><input type=\"hidden\" name=\"_wpcf7_version\" value=\"6.1.2\" \/><input type=\"hidden\" name=\"_wpcf7_locale\" value=\"es_ES\" \/><input type=\"hidden\" name=\"_wpcf7_unit_tag\" value=\"wpcf7-f348-o1\" \/><input type=\"hidden\" name=\"_wpcf7_container_post\" value=\"0\" \/><input type=\"hidden\" name=\"_wpcf7_posted_data_hash\" value=\"\" \/><input type=\"hidden\" name=\"_wpcf7_recaptcha_response\" value=\"\" \/>\n<\/fieldset>\n<p><label> Nom*<br \/>\n<span class=\"wpcf7-form-control-wrap\" data-name=\"nom\"><input size=\"40\" maxlength=\"400\" class=\"wpcf7-form-control wpcf7-text wpcf7-validates-as-required\" aria-required=\"true\" aria-invalid=\"false\" value=\"\" type=\"text\" name=\"nom\" \/><\/span> <\/label><label> Pr\u00e9nom*<br \/>\n<span class=\"wpcf7-form-control-wrap\" data-name=\"prenom\"><input size=\"40\" maxlength=\"400\" class=\"wpcf7-form-control wpcf7-text wpcf7-validates-as-required\" aria-required=\"true\" aria-invalid=\"false\" value=\"\" type=\"text\" name=\"prenom\" \/><\/span> <\/label><label> Email*<br \/>\n<span class=\"wpcf7-form-control-wrap\" data-name=\"email\"><input size=\"40\" maxlength=\"400\" class=\"wpcf7-form-control wpcf7-email wpcf7-validates-as-required wpcf7-text wpcf7-validates-as-email\" aria-required=\"true\" aria-invalid=\"false\" value=\"\" type=\"email\" name=\"email\" \/><\/span> <\/label><label> Objet<br \/>\n<span class=\"wpcf7-form-control-wrap\" data-name=\"your-subject\"><input size=\"40\" maxlength=\"400\" class=\"wpcf7-form-control wpcf7-text\" aria-invalid=\"false\" value=\"\" type=\"text\" name=\"your-subject\" \/><\/span> <\/label><label> Votre message<br \/>\n<span class=\"wpcf7-form-control-wrap\" data-name=\"your-message\"><textarea cols=\"40\" rows=\"10\" maxlength=\"2000\" class=\"wpcf7-form-control wpcf7-textarea\" aria-invalid=\"false\" name=\"your-message\"><\/textarea><\/span> <\/label><br \/>\n<input class=\"wpcf7-form-control wpcf7-submit has-spinner\" type=\"submit\" value=\"Envoyer\" \/>\n<\/p><div class=\"wpcf7-response-output\" aria-hidden=\"true\"><\/div>\n<\/form>\n<\/div>\n\n","protected":false},"excerpt":{"rendered":"<p>\u00bfTe tienta esta experiencia \u00fanica a bordo de un velero excepcional?No dude en contactarnos para cualquier informaci\u00f3n, nos pondremos en contacto con usted lo antes posible.<\/p>\n","protected":false},"author":1,"featured_media":0,"parent":0,"menu_order":0,"comment_status":"closed","ping_status":"closed","template":"template-contact.php","meta":{"footnotes":""},"class_list":["post-331","page","type-page","status-publish","hentry"],"yoast_head":"<!-- This site is optimized with the Yoast SEO plugin v26.1.1 - https:\/\/yoast.com\/wordpress\/plugins\/seo\/ -->\n<title>Contacta la tripulaci\u00f3n de MR Beelzebuth | Mr Beelzebuth<\/title>\n<meta name=\"description\" content=\"\u00bfTe tienta una aventura \u00fanica a bordo de un velero de prestigio ? Cont\u00e1ctenos para cualquier informaci\u00f3n\" \/>\n<meta name=\"robots\" content=\"index, follow, max-snippet:-1, max-image-preview:large, max-video-preview:-1\" \/>\n<link rel=\"canonical\" href=\"https:\/\/www.mr-beelzebuth.com\/es\/contact\/\" \/>\n<meta property=\"og:locale\" content=\"es_ES\" \/>\n<meta property=\"og:type\" content=\"article\" \/>\n<meta property=\"og:title\" content=\"Contacta la tripulaci\u00f3n de MR Beelzebuth | Mr Beelzebuth\" \/>\n<meta property=\"og:description\" content=\"\u00bfTe tienta una aventura \u00fanica a bordo de un velero de prestigio ? Cont\u00e1ctenos para cualquier informaci\u00f3n\" \/>\n<meta property=\"og:url\" content=\"https:\/\/www.mr-beelzebuth.com\/es\/contact\/\" \/>\n<meta property=\"og:site_name\" content=\"Mr Beelzebuth\" \/>\n<meta property=\"article:publisher\" content=\"https:\/\/www.facebook.com\/MR-Beelzebuth-2323310564404398\/\" \/>\n<meta property=\"article:modified_time\" content=\"2020-06-26T11:09:52+00:00\" \/>\n<meta name=\"twitter:card\" content=\"summary_large_image\" \/>\n<script type=\"application\/ld+json\" class=\"yoast-schema-graph\">{\"@context\":\"https:\/\/schema.org\",\"@graph\":[{\"@type\":\"WebPage\",\"@id\":\"https:\/\/www.mr-beelzebuth.com\/es\/contact\/\",\"url\":\"https:\/\/www.mr-beelzebuth.com\/es\/contact\/\",\"name\":\"Contacta la tripulaci\u00f3n de MR Beelzebuth | Mr Beelzebuth\",\"isPartOf\":{\"@id\":\"https:\/\/www.mr-beelzebuth.com\/es\/#website\"},\"datePublished\":\"2020-05-07T13:35:56+00:00\",\"dateModified\":\"2020-06-26T11:09:52+00:00\",\"description\":\"\u00bfTe tienta una aventura \u00fanica a bordo de un velero de prestigio ? Cont\u00e1ctenos para cualquier informaci\u00f3n\",\"breadcrumb\":{\"@id\":\"https:\/\/www.mr-beelzebuth.com\/es\/contact\/#breadcrumb\"},\"inLanguage\":\"es\",\"potentialAction\":[{\"@type\":\"ReadAction\",\"target\":[\"https:\/\/www.mr-beelzebuth.com\/es\/contact\/\"]}]},{\"@type\":\"BreadcrumbList\",\"@id\":\"https:\/\/www.mr-beelzebuth.com\/es\/contact\/#breadcrumb\",\"itemListElement\":[{\"@type\":\"ListItem\",\"position\":1,\"name\":\"Accueil\",\"item\":\"https:\/\/www.mr-beelzebuth.com\/es\/\"},{\"@type\":\"ListItem\",\"position\":2,\"name\":\"Contacta la tripulaci\u00f3n de MR Beelzebuth\"}]},{\"@type\":\"WebSite\",\"@id\":\"https:\/\/www.mr-beelzebuth.com\/es\/#website\",\"url\":\"https:\/\/www.mr-beelzebuth.com\/es\/\",\"name\":\"MR Beelzebuth\",\"description\":\"\",\"publisher\":{\"@id\":\"https:\/\/www.mr-beelzebuth.com\/es\/#organization\"},\"potentialAction\":[{\"@type\":\"SearchAction\",\"target\":{\"@type\":\"EntryPoint\",\"urlTemplate\":\"https:\/\/www.mr-beelzebuth.com\/es\/?s={search_term_string}\"},\"query-input\":{\"@type\":\"PropertyValueSpecification\",\"valueRequired\":true,\"valueName\":\"search_term_string\"}}],\"inLanguage\":\"es\"},{\"@type\":\"Organization\",\"@id\":\"https:\/\/www.mr-beelzebuth.com\/es\/#organization\",\"name\":\"MR BEELZEBUTH\",\"url\":\"https:\/\/www.mr-beelzebuth.com\/es\/\",\"logo\":{\"@type\":\"ImageObject\",\"inLanguage\":\"es\",\"@id\":\"https:\/\/www.mr-beelzebuth.com\/es\/#\/schema\/logo\/image\/\",\"url\":\"https:\/\/www.mr-beelzebuth.com\/wp-content\/uploads\/2020\/05\/logo-mr-beelzebuth.jpg\",\"contentUrl\":\"https:\/\/www.mr-beelzebuth.com\/wp-content\/uploads\/2020\/05\/logo-mr-beelzebuth.jpg\",\"width\":284,\"height\":100,\"caption\":\"MR BEELZEBUTH\"},\"image\":{\"@id\":\"https:\/\/www.mr-beelzebuth.com\/es\/#\/schema\/logo\/image\/\"},\"sameAs\":[\"https:\/\/www.facebook.com\/MR-Beelzebuth-2323310564404398\/\",\"https:\/\/www.instagram.com\/mrbeelzebuth\/?hl=fr\"]}]}<\/script>\n<!-- \/ Yoast SEO plugin. -->","yoast_head_json":{"title":"Contacta la tripulaci\u00f3n de MR Beelzebuth | Mr Beelzebuth","description":"\u00bfTe tienta una aventura \u00fanica a bordo de un velero de prestigio ? Cont\u00e1ctenos para cualquier informaci\u00f3n","robots":{"index":"index","follow":"follow","max-snippet":"max-snippet:-1","max-image-preview":"max-image-preview:large","max-video-preview":"max-video-preview:-1"},"canonical":"https:\/\/www.mr-beelzebuth.com\/es\/contact\/","og_locale":"es_ES","og_type":"article","og_title":"Contacta la tripulaci\u00f3n de MR Beelzebuth | Mr Beelzebuth","og_description":"\u00bfTe tienta una aventura \u00fanica a bordo de un velero de prestigio ? Cont\u00e1ctenos para cualquier informaci\u00f3n","og_url":"https:\/\/www.mr-beelzebuth.com\/es\/contact\/","og_site_name":"Mr Beelzebuth","article_publisher":"https:\/\/www.facebook.com\/MR-Beelzebuth-2323310564404398\/","article_modified_time":"2020-06-26T11:09:52+00:00","twitter_card":"summary_large_image","schema":{"@context":"https:\/\/schema.org","@graph":[{"@type":"WebPage","@id":"https:\/\/www.mr-beelzebuth.com\/es\/contact\/","url":"https:\/\/www.mr-beelzebuth.com\/es\/contact\/","name":"Contacta la tripulaci\u00f3n de MR Beelzebuth | Mr Beelzebuth","isPartOf":{"@id":"https:\/\/www.mr-beelzebuth.com\/es\/#website"},"datePublished":"2020-05-07T13:35:56+00:00","dateModified":"2020-06-26T11:09:52+00:00","description":"\u00bfTe tienta una aventura \u00fanica a bordo de un velero de prestigio ? Cont\u00e1ctenos para cualquier informaci\u00f3n","breadcrumb":{"@id":"https:\/\/www.mr-beelzebuth.com\/es\/contact\/#breadcrumb"},"inLanguage":"es","potentialAction":[{"@type":"ReadAction","target":["https:\/\/www.mr-beelzebuth.com\/es\/contact\/"]}]},{"@type":"BreadcrumbList","@id":"https:\/\/www.mr-beelzebuth.com\/es\/contact\/#breadcrumb","itemListElement":[{"@type":"ListItem","position":1,"name":"Accueil","item":"https:\/\/www.mr-beelzebuth.com\/es\/"},{"@type":"ListItem","position":2,"name":"Contacta la tripulaci\u00f3n de MR Beelzebuth"}]},{"@type":"WebSite","@id":"https:\/\/www.mr-beelzebuth.com\/es\/#website","url":"https:\/\/www.mr-beelzebuth.com\/es\/","name":"MR Beelzebuth","description":"","publisher":{"@id":"https:\/\/www.mr-beelzebuth.com\/es\/#organization"},"potentialAction":[{"@type":"SearchAction","target":{"@type":"EntryPoint","urlTemplate":"https:\/\/www.mr-beelzebuth.com\/es\/?s={search_term_string}"},"query-input":{"@type":"PropertyValueSpecification","valueRequired":true,"valueName":"search_term_string"}}],"inLanguage":"es"},{"@type":"Organization","@id":"https:\/\/www.mr-beelzebuth.com\/es\/#organization","name":"MR BEELZEBUTH","url":"https:\/\/www.mr-beelzebuth.com\/es\/","logo":{"@type":"ImageObject","inLanguage":"es","@id":"https:\/\/www.mr-beelzebuth.com\/es\/#\/schema\/logo\/image\/","url":"https:\/\/www.mr-beelzebuth.com\/wp-content\/uploads\/2020\/05\/logo-mr-beelzebuth.jpg","contentUrl":"https:\/\/www.mr-beelzebuth.com\/wp-content\/uploads\/2020\/05\/logo-mr-beelzebuth.jpg","width":284,"height":100,"caption":"MR BEELZEBUTH"},"image":{"@id":"https:\/\/www.mr-beelzebuth.com\/es\/#\/schema\/logo\/image\/"},"sameAs":["https:\/\/www.facebook.com\/MR-Beelzebuth-2323310564404398\/","https:\/\/www.instagram.com\/mrbeelzebuth\/?hl=fr"]}]}},"_links":{"self":[{"href":"https:\/\/www.mr-beelzebuth.com\/es\/wp-json\/wp\/v2\/pages\/331","targetHints":{"allow":["GET"]}}],"collection":[{"href":"https:\/\/www.mr-beelzebuth.com\/es\/wp-json\/wp\/v2\/pages"}],"about":[{"href":"https:\/\/www.mr-beelzebuth.com\/es\/wp-json\/wp\/v2\/types\/page"}],"author":[{"embeddable":true,"href":"https:\/\/www.mr-beelzebuth.com\/es\/wp-json\/wp\/v2\/users\/1"}],"replies":[{"embeddable":true,"href":"https:\/\/www.mr-beelzebuth.com\/es\/wp-json\/wp\/v2\/comments?post=331"}],"version-history":[{"count":4,"href":"https:\/\/www.mr-beelzebuth.com\/es\/wp-json\/wp\/v2\/pages\/331\/revisions"}],"predecessor-version":[{"id":438,"href":"https:\/\/www.mr-beelzebuth.com\/es\/wp-json\/wp\/v2\/pages\/331\/revisions\/438"}],"wp:attachment":[{"href":"https:\/\/www.mr-beelzebuth.com\/es\/wp-json\/wp\/v2\/media?parent=331"}],"curies":[{"name":"wp","href":"https:\/\/api.w.org\/{rel}","templated":true}]}}